{"id":137,"date":"2025-12-18T13:11:15","date_gmt":"2025-12-18T13:11:15","guid":{"rendered":"https:\/\/quintadomartelo.net\/?page_id=137"},"modified":"2025-12-30T13:15:52","modified_gmt":"2025-12-30T13:15:52","slug":"a-quinta","status":"publish","type":"page","link":"https:\/\/quintadomartelo.net\/en\/a-quinta\/","title":{"rendered":"The Farm"},"content":{"rendered":"<div data-elementor-type=\"wp-page\" data-elementor-id=\"137\" class=\"elementor elementor-137\" data-elementor-post-type=\"page\">\n\t\t\t\t<div class=\"elementor-element elementor-element-c76aae4 e-flex e-con-boxed e-con e-parent\" data-id=\"c76aae4\" data-element_type=\"container\" data-settings=\"{&quot;background_background&quot;:&quot;classic&quot;}\">\n\t\t\t\t\t<div class=\"e-con-inner\">\n\t\t\t\t<div class=\"elementor-element elementor-element-a8b4c0b elementor-widget elementor-widget-heading\" data-id=\"a8b4c0b\" data-element_type=\"widget\" data-widget_type=\"heading.default\">\n\t\t\t\t\t<h1 class=\"elementor-heading-title elementor-size-default\">The Farm<\/h1>\t\t\t\t<\/div>\n\t\t\t\t<div class=\"elementor-element elementor-element-afc8b69 elementor-widget-divider--view-line elementor-widget elementor-widget-divider\" data-id=\"afc8b69\" data-element_type=\"widget\" data-widget_type=\"divider.default\">\n\t\t\t\t\t\t\t<div class=\"elementor-divider\">\n\t\t\t<span class=\"elementor-divider-separator\">\n\t\t\t\t\t\t<\/span>\n\t\t<\/div>\n\t\t\t\t\t\t<\/div>\n\t\t\t\t\t<\/div>\n\t\t\t\t<\/div>\n\t\t<div class=\"elementor-element elementor-element-a017296 e-flex e-con-boxed e-con e-parent\" data-id=\"a017296\" data-element_type=\"container\">\n\t\t\t\t\t<div class=\"e-con-inner\">\n\t\t<div class=\"elementor-element elementor-element-0db8782 e-con-full e-flex e-con e-child\" data-id=\"0db8782\" data-element_type=\"container\">\n\t\t\t\t<div class=\"elementor-element elementor-element-4ec3e5c elementor-widget-divider--view-line elementor-widget elementor-widget-divider\" data-id=\"4ec3e5c\" data-element_type=\"widget\" data-widget_type=\"divider.default\">\n\t\t\t\t\t\t\t<div class=\"elementor-divider\">\n\t\t\t<span class=\"elementor-divider-separator\">\n\t\t\t\t\t\t<\/span>\n\t\t<\/div>\n\t\t\t\t\t\t<\/div>\n\t\t\t\t<div class=\"elementor-element elementor-element-293feed elementor-widget elementor-widget-heading\" data-id=\"293feed\" data-element_type=\"widget\" data-widget_type=\"heading.default\">\n\t\t\t\t\t<h2 class=\"elementor-heading-title elementor-size-default\">Tradition &amp; Nature<\/h2>\t\t\t\t<\/div>\n\t\t\t\t<div class=\"elementor-element elementor-element-589e0c7 elementor-widget-divider--view-line elementor-widget elementor-widget-divider\" data-id=\"589e0c7\" data-element_type=\"widget\" data-widget_type=\"divider.default\">\n\t\t\t\t\t\t\t<div class=\"elementor-divider\">\n\t\t\t<span class=\"elementor-divider-separator\">\n\t\t\t\t\t\t<\/span>\n\t\t<\/div>\n\t\t\t\t\t\t<\/div>\n\t\t\t\t<\/div>\n\t\t\t\t<div class=\"elementor-element elementor-element-16bee6c elementor-widget elementor-widget-text-editor\" data-id=\"16bee6c\" data-element_type=\"widget\" data-widget_type=\"text-editor.default\">\n\t\t\t\t\t\t\t\t\t<div class=\"field field-name-field-outline field-type-text-long field-label-hidden view-mode-full\">\n<div class=\"field-items\">\n<div class=\"field-item even\">\n<p>O nome&nbsp;<strong>Quinta do Martelo<\/strong>&nbsp;adv\u00e9m de uma aldraba do s\u00e9culo XVIII que ainda ornamenta o port\u00e3o principal da quinta.<\/p>\n<p>Esta propriedade, situada a cinco quil\u00f3metros da cidade&nbsp;classificada Patrim\u00f3nio Mundial pela Unesco &#8211; Angra do Hero\u00edsmo, conheceu o seu auge durante o ciclo da laranja, um dos ciclos econ\u00f3micos importantes na economia dos A\u00e7ores, depois do pastel, dos cereais, at\u00e9 ao hoje denominado ciclo da vaca.<\/p>\n<p>Later, the estate dedicated itself to the production of wine and loquat brandy, a fruit that can still be found on the farm, alongside many orange trees and other fruit trees, simultaneously with horticultural crops that are also used daily in the traditional restaurant \"A Venda do Ti Manel da Quinta\".<\/p>\n<p>Through extensive research, we were able to reconstruct and maintain certain regional aspects, such as the old workshops, the traditional dyeing practices, and the houses dating back to the early colonization of the Azores. We also managed to recover and adapt certain agricultural areas to organic farming and preserve native species of domestic animals.<\/p><p>Here, we recreate a genuine rural environment of Terceira Island, starting with the buildings and ornaments, moving on to the gastronomy and ending with the clothing, traditions, and festivities. We offer our visitors the true feeling of what life was like five centuries ago on a traditional rural farm.<\/p>\n<p>The evolution of rural houses on Terceira Island began with a three-room construction, consisting of a kitchen, a central area, and a bedroom. As families grew, new needs arose, leading the central area to take on various uses, such as storage and workspace, as well as a sleeping area for young children, eventually becoming insufficient. The use of the attic increased. By extending the roof, utilizing the uneven terrain and expanding the roof structure, a space was gained where, by taking space from the backyard and adding walls, four new bedrooms were created, while maintaining the multi-purpose kitchen.<\/p>\n<p>The history of the Azores, linked to its gastronomy, is faithfully represented in the Quinta do Martelo restaurant. Firstly, in the accurate depiction of the facilities and their progressive evolution, from a grocery store with snacks to a space reserved for full meals. The traditional diet of the rural population revolved around bread and subsistence farming.<\/p>\n<p>However, on festive days, when there was an effort to present enhanced dishes to family and guests, products specific to these occasions were used, based on the raising of pigs, cows, or chickens, as purely seasonal delicacies to please visitors.<\/p>\n<\/div>\n<\/div>\n<\/div>\t\t\t\t\t\t\t\t<\/div>\n\t\t\t\t<div class=\"elementor-element elementor-element-6b1e2cb elementor-widget elementor-widget-text-editor\" data-id=\"6b1e2cb\" data-element_type=\"widget\" data-widget_type=\"text-editor.default\">\n\t\t\t\t\t\t\t\t\t<p><strong>Enjoy the most authentic aspects of the Azores \u2013 A\u00c7ORES.GENU\u00cdNO<\/strong><\/p>\t\t\t\t\t\t\t\t<\/div>\n\t\t\t\t<div class=\"elementor-element elementor-element-9ab6fff elementor-widget elementor-widget-video\" data-id=\"9ab6fff\" data-element_type=\"widget\" data-settings=\"{&quot;youtube_url&quot;:&quot;youtube.com\\\/watch?v=mAS--LNRX9I&amp;themeRefresh=1&quot;,&quot;video_type&quot;:&quot;youtube&quot;,&quot;controls&quot;:&quot;yes&quot;}\" data-widget_type=\"video.default\">\n\t\t\t\t\t\t\t<div class=\"elementor-wrapper elementor-open-inline\">\n\t\t\t<div class=\"elementor-video\"><\/div>\t\t<\/div>\n\t\t\t\t\t\t<\/div>\n\t\t\t\t<div class=\"elementor-element elementor-element-389b82d elementor-widget elementor-widget-text-editor\" data-id=\"389b82d\" data-element_type=\"widget\" data-widget_type=\"text-editor.default\">\n\t\t\t\t\t\t\t\t\t<p class=\"translation-block\"><strong>Quinta do Martelo<\/strong> recreates a genuine Azorean rural setting, starting with the buildings, the food, the atmosphere and the way of life.<\/p><p class=\"translation-block\">At <strong>Quinta do Martelo<\/strong>, you'll find the best cuisine on this island, which was awarded 1st place in the \"Gastronomy - National Heritage\" competition. Everything here is organically produced and consumed in our restaurant, <strong>Ti Manel da Quinta<\/strong>.<\/p>\t\t\t\t\t\t\t\t<\/div>\n\t\t\t\t<div class=\"elementor-element elementor-element-51e2292 elementor-widget elementor-widget-text-editor\" data-id=\"51e2292\" data-element_type=\"widget\" data-widget_type=\"text-editor.default\">\n\t\t\t\t\t\t\t\t\t<div class=\"field field-name-field-outline field-type-text-long field-label-hidden view-mode-full\"><div class=\"field-items\"><div class=\"field-item even\"><p class=\"rtecenter\">ENVIRONMENT, PEACE AND CULTURE \u2013 AN EXPERIENCE FOR A LIFETIME<\/p><\/div><\/div><\/div>\t\t\t\t\t\t\t\t<\/div>\n\t\t\t\t<div class=\"elementor-element elementor-element-fa92bc9 elementor-widget elementor-widget-heading\" data-id=\"fa92bc9\" data-element_type=\"widget\" data-widget_type=\"heading.default\">\n\t\t\t\t\t<h3 class=\"elementor-heading-title elementor-size-default\">Ecological and sustainable activities<\/h3>\t\t\t\t<\/div>\n\t\t\t\t<div class=\"elementor-element elementor-element-4dd252b elementor-widget elementor-widget-text-editor\" data-id=\"4dd252b\" data-element_type=\"widget\" data-widget_type=\"text-editor.default\">\n\t\t\t\t\t\t\t\t\t<div class=\"field field-name-field-subtitle field-type-text field-label-hidden view-mode-full\"><div class=\"field-items\"><p class=\"field-item even translation-block\">The <strong>Fazenda do Martelo<\/strong> focuses on living in balance with nature, and all its activities are developed based on this principle.<\/p><\/div><\/div>\t\t\t\t\t\t\t\t<\/div>\n\t\t\t\t<div class=\"elementor-element elementor-element-4b0ab00 elementor-arrows-position-inside elementor-widget elementor-widget-image-carousel\" data-id=\"4b0ab00\" data-element_type=\"widget\" data-settings=\"{&quot;slides_to_show&quot;:&quot;1&quot;,&quot;navigation&quot;:&quot;arrows&quot;,&quot;autoplay&quot;:&quot;yes&quot;,&quot;pause_on_hover&quot;:&quot;yes&quot;,&quot;pause_on_interaction&quot;:&quot;yes&quot;,&quot;autoplay_speed&quot;:5000,&quot;infinite&quot;:&quot;yes&quot;,&quot;effect&quot;:&quot;slide&quot;,&quot;speed&quot;:500}\" data-widget_type=\"image-carousel.default\">\n\t\t\t\t\t\t\t<div class=\"elementor-image-carousel-wrapper swiper\" role=\"region\" aria-roledescription=\"carousel\" aria-label=\"Image Carousel\" dir=\"ltr\">\n\t\t\t<div class=\"elementor-image-carousel swiper-wrapper swiper-image-stretch\" aria-live=\"off\">\n\t\t\t\t\t\t\t\t<div class=\"swiper-slide\" role=\"group\" aria-roledescription=\"slide\" aria-label=\"1 of 17\"><figure class=\"swiper-slide-inner\"><img decoding=\"async\" class=\"swiper-slide-image\" src=\"https:\/\/quintadomartelo.net\/wp-content\/uploads\/2025\/12\/10JUL2020-63403.jpg\" alt=\"10JUL2020-63403\" \/><\/figure><\/div><div class=\"swiper-slide\" role=\"group\" aria-roledescription=\"slide\" aria-label=\"2 of 17\"><figure class=\"swiper-slide-inner\"><img decoding=\"async\" class=\"swiper-slide-image\" src=\"https:\/\/quintadomartelo.net\/wp-content\/uploads\/2025\/12\/10JUL2020-63463.jpg\" alt=\"10JUL2020-63463\" \/><\/figure><\/div><div class=\"swiper-slide\" role=\"group\" aria-roledescription=\"slide\" aria-label=\"3 of 17\"><figure class=\"swiper-slide-inner\"><img decoding=\"async\" class=\"swiper-slide-image\" src=\"https:\/\/quintadomartelo.net\/wp-content\/uploads\/2025\/12\/10JUL2020-63504.jpg\" alt=\"10JUL2020-63504\" \/><\/figure><\/div><div class=\"swiper-slide\" role=\"group\" aria-roledescription=\"slide\" aria-label=\"4 of 17\"><figure class=\"swiper-slide-inner\"><img decoding=\"async\" class=\"swiper-slide-image\" src=\"https:\/\/quintadomartelo.net\/wp-content\/uploads\/2025\/12\/10JUL2020-63483.jpg\" alt=\"10JUL2020-63483\" \/><\/figure><\/div><div class=\"swiper-slide\" role=\"group\" aria-roledescription=\"slide\" aria-label=\"5 of 17\"><figure class=\"swiper-slide-inner\"><img decoding=\"async\" class=\"swiper-slide-image\" src=\"https:\/\/quintadomartelo.net\/wp-content\/uploads\/2025\/12\/10JUL2020-63975.jpg\" alt=\"10JUL2020-63975\" \/><\/figure><\/div><div class=\"swiper-slide\" role=\"group\" aria-roledescription=\"slide\" aria-label=\"6 of 17\"><figure class=\"swiper-slide-inner\"><img decoding=\"async\" class=\"swiper-slide-image\" src=\"https:\/\/quintadomartelo.net\/wp-content\/uploads\/2025\/12\/10JUL2020-63639.jpg\" alt=\"10JUL2020-63639\" \/><\/figure><\/div><div class=\"swiper-slide\" role=\"group\" aria-roledescription=\"slide\" aria-label=\"7 of 17\"><figure class=\"swiper-slide-inner\"><img decoding=\"async\" class=\"swiper-slide-image\" src=\"https:\/\/quintadomartelo.net\/wp-content\/uploads\/2025\/12\/10JUL2020-63553.jpg\" alt=\"10JUL2020-63553\" \/><\/figure><\/div><div class=\"swiper-slide\" role=\"group\" aria-roledescription=\"slide\" aria-label=\"8 of 17\"><figure class=\"swiper-slide-inner\"><img decoding=\"async\" class=\"swiper-slide-image\" src=\"https:\/\/quintadomartelo.net\/wp-content\/uploads\/2025\/12\/06NOV2020-109042.jpg\" alt=\"06NOV2020-109042\" \/><\/figure><\/div><div class=\"swiper-slide\" role=\"group\" aria-roledescription=\"slide\" aria-label=\"9 of 17\"><figure class=\"swiper-slide-inner\"><img decoding=\"async\" class=\"swiper-slide-image\" src=\"https:\/\/quintadomartelo.net\/wp-content\/uploads\/2025\/12\/07JUN2020-52000.jpg\" alt=\"07JUN2020-52000\" \/><\/figure><\/div><div class=\"swiper-slide\" role=\"group\" aria-roledescription=\"slide\" aria-label=\"10 of 17\"><figure class=\"swiper-slide-inner\"><img decoding=\"async\" class=\"swiper-slide-image\" src=\"https:\/\/quintadomartelo.net\/wp-content\/uploads\/2025\/12\/DSC00872.jpg\" alt=\"DSC00872\" \/><\/figure><\/div><div class=\"swiper-slide\" role=\"group\" aria-roledescription=\"slide\" aria-label=\"11 of 17\"><figure class=\"swiper-slide-inner\"><img decoding=\"async\" class=\"swiper-slide-image\" src=\"https:\/\/quintadomartelo.net\/wp-content\/uploads\/2025\/12\/05JUL2020-61135.jpg\" alt=\"05JUL2020-61135\" \/><\/figure><\/div><div class=\"swiper-slide\" role=\"group\" aria-roledescription=\"slide\" aria-label=\"12 of 17\"><figure class=\"swiper-slide-inner\"><img decoding=\"async\" class=\"swiper-slide-image\" src=\"https:\/\/quintadomartelo.net\/wp-content\/uploads\/2025\/12\/05JUL2020-61140.jpg\" alt=\"05JUL2020-61140\" \/><\/figure><\/div><div class=\"swiper-slide\" role=\"group\" aria-roledescription=\"slide\" aria-label=\"13 of 17\"><figure class=\"swiper-slide-inner\"><img decoding=\"async\" class=\"swiper-slide-image\" src=\"https:\/\/quintadomartelo.net\/wp-content\/uploads\/2025\/12\/22JUL2020-67153.jpg\" alt=\"22JUL2020-67153\" \/><\/figure><\/div><div class=\"swiper-slide\" role=\"group\" aria-roledescription=\"slide\" aria-label=\"14 of 17\"><figure class=\"swiper-slide-inner\"><img decoding=\"async\" class=\"swiper-slide-image\" src=\"https:\/\/quintadomartelo.net\/wp-content\/uploads\/2025\/12\/22JUL2020-67068.jpg\" alt=\"22JUL2020-67068\" \/><\/figure><\/div><div class=\"swiper-slide\" role=\"group\" aria-roledescription=\"slide\" aria-label=\"15 of 17\"><figure class=\"swiper-slide-inner\"><img decoding=\"async\" class=\"swiper-slide-image\" src=\"https:\/\/quintadomartelo.net\/wp-content\/uploads\/2025\/12\/22JUL2020-67048.jpg\" alt=\"22JUL2020-67048\" \/><\/figure><\/div><div class=\"swiper-slide\" role=\"group\" aria-roledescription=\"slide\" aria-label=\"16 of 17\"><figure class=\"swiper-slide-inner\"><img decoding=\"async\" class=\"swiper-slide-image\" src=\"https:\/\/quintadomartelo.net\/wp-content\/uploads\/2025\/12\/06NOV2020-109036.jpg\" alt=\"06NOV2020-109036\" \/><\/figure><\/div><div class=\"swiper-slide\" role=\"group\" aria-roledescription=\"slide\" aria-label=\"17 of 17\"><figure class=\"swiper-slide-inner\"><img decoding=\"async\" class=\"swiper-slide-image\" src=\"https:\/\/quintadomartelo.net\/wp-content\/uploads\/2025\/12\/05NOV2020-108536.jpg\" alt=\"05NOV2020-108536\" \/><\/figure><\/div>\t\t\t<\/div>\n\t\t\t\t\t\t\t\t\t\t\t\t<div class=\"elementor-swiper-button elementor-swiper-button-prev\" role=\"button\" tabindex=\"0\">\n\t\t\t\t\t\t<svg aria-hidden=\"true\" class=\"e-font-icon-svg e-eicon-chevron-left\" viewbox=\"0 0 1000 1000\" xmlns=\"http:\/\/www.w3.org\/2000\/svg\"><path d=\"M646 125C629 125 613 133 604 142L308 442C296 454 292 471 292 487 292 504 296 521 308 533L604 854C617 867 629 875 646 875 663 875 679 871 692 858 704 846 713 829 713 812 713 796 708 779 692 767L438 487 692 225C700 217 708 204 708 187 708 171 704 154 692 142 675 129 663 125 646 125Z\"><\/path><\/svg>\t\t\t\t\t<\/div>\n\t\t\t\t\t<div class=\"elementor-swiper-button elementor-swiper-button-next\" role=\"button\" tabindex=\"0\">\n\t\t\t\t\t\t<svg aria-hidden=\"true\" class=\"e-font-icon-svg e-eicon-chevron-right\" viewbox=\"0 0 1000 1000\" xmlns=\"http:\/\/www.w3.org\/2000\/svg\"><path d=\"M696 533C708 521 713 504 713 487 713 471 708 454 696 446L400 146C388 133 375 125 354 125 338 125 325 129 313 142 300 154 292 171 292 187 292 204 296 221 308 233L563 492 304 771C292 783 288 800 288 817 288 833 296 850 308 863 321 871 338 875 354 875 371 875 388 867 400 854L696 533Z\"><\/path><\/svg>\t\t\t\t\t<\/div>\n\t\t\t\t\n\t\t\t\t\t\t\t\t\t<\/div>\n\t\t\t\t\t\t<\/div>\n\t\t\t\t<div class=\"elementor-element elementor-element-4f31ec2 elementor-widget elementor-widget-text-editor\" data-id=\"4f31ec2\" data-element_type=\"widget\" data-widget_type=\"text-editor.default\">\n\t\t\t\t\t\t\t\t\t<p><em>Ecological and sustainable activities<\/em><\/p>\t\t\t\t\t\t\t\t<\/div>\n\t\t\t\t\t<\/div>\n\t\t\t\t<\/div>\n\t\t\t\t<\/div>","protected":false},"excerpt":{"rendered":"<p>A Quinta Tradi\u00e7\u00e3o &amp; Natureza O nome&nbsp;Quinta do Martelo&nbsp;adv\u00e9m de uma aldraba do s\u00e9culo XVIII que ainda ornamenta o port\u00e3o principal da quinta. Esta propriedade, situada a cinco quil\u00f3metros da cidade&nbsp;classificada Patrim\u00f3nio Mundial pela Unesco &#8211; Angra do Hero\u00edsmo, conheceu o seu auge durante o ciclo da laranja, um dos ciclos econ\u00f3micos importantes na economia [&hellip;]<\/p>","protected":false},"author":1,"featured_media":0,"parent":0,"menu_order":0,"comment_status":"closed","ping_status":"closed","template":"","meta":{"footnotes":""},"class_list":["post-137","page","type-page","status-publish","hentry"],"_links":{"self":[{"href":"https:\/\/quintadomartelo.net\/en\/wp-json\/wp\/v2\/pages\/137","targetHints":{"allow":["GET"]}}],"collection":[{"href":"https:\/\/quintadomartelo.net\/en\/wp-json\/wp\/v2\/pages"}],"about":[{"href":"https:\/\/quintadomartelo.net\/en\/wp-json\/wp\/v2\/types\/page"}],"author":[{"embeddable":true,"href":"https:\/\/quintadomartelo.net\/en\/wp-json\/wp\/v2\/users\/1"}],"replies":[{"embeddable":true,"href":"https:\/\/quintadomartelo.net\/en\/wp-json\/wp\/v2\/comments?post=137"}],"version-history":[{"count":20,"href":"https:\/\/quintadomartelo.net\/en\/wp-json\/wp\/v2\/pages\/137\/revisions"}],"predecessor-version":[{"id":787,"href":"https:\/\/quintadomartelo.net\/en\/wp-json\/wp\/v2\/pages\/137\/revisions\/787"}],"wp:attachment":[{"href":"https:\/\/quintadomartelo.net\/en\/wp-json\/wp\/v2\/media?parent=137"}],"curies":[{"name":"wp","href":"https:\/\/api.w.org\/{rel}","templated":true}]}}